{"id":28,"date":"2018-05-28T18:47:19","date_gmt":"2018-05-28T16:47:19","guid":{"rendered":"http:\/\/localhost\/2_SANDIG%20Website\/?page_id=28"},"modified":"2026-01-20T15:19:56","modified_gmt":"2026-01-20T14:19:56","slug":"kontakt","status":"publish","type":"page","link":"https:\/\/gartenideen-sandig.de\/index.php\/kontakt\/","title":{"rendered":"Kontakt"},"content":{"rendered":"<h2><img loading=\"lazy\" decoding=\"async\" class=\"wp-image-259 alignleft\" src=\"http:\/\/www.gartenideen-sandig.de\/\/wp-content\/uploads\/2019\/04\/britta2-244x300.jpg\" alt=\"\" width=\"209\" height=\"257\" srcset=\"https:\/\/gartenideen-sandig.de\/wp-content\/uploads\/2019\/04\/britta2-244x300.jpg 244w, https:\/\/gartenideen-sandig.de\/wp-content\/uploads\/2019\/04\/britta2-768x943.jpg 768w, https:\/\/gartenideen-sandig.de\/wp-content\/uploads\/2019\/04\/britta2-834x1024.jpg 834w, https:\/\/gartenideen-sandig.de\/wp-content\/uploads\/2019\/04\/britta2.jpg 1156w\" sizes=\"(max-width: 209px) 100vw, 209px\" \/><span style=\"color: #000000;\"><strong>Hallo, ich bin Britta Sandig.<\/strong><\/span><\/h2>\n<p><strong>Sie interessieren sich f\u00fcr unsere Leistungen oder m\u00f6chten uns f\u00fcr Ihr Projekt anfragen?<br \/><\/strong><strong>Kontaktieren Sie mich gerne telefonisch oder per Mail.<\/strong><\/p>\n<p>Gerne vereinbare ich mit Ihnen vor Ort ein pers\u00f6nliches und unverbindliches Beratungsgespr\u00e4ch.<\/p>\n\n<table id=\"tablepress-1\" class=\"tablepress tablepress-id-1\">\n<tbody>\n<tr class=\"row-1\">\n\t<td class=\"column-1\"><strong><br \/>\nAdresse<\/strong><br \/>\nIdeen f\u00fcr Ihren Garten<br \/>\nSandig GmbH &amp; Co. KG<br \/>\nWarener Str. 6<br \/>\n31832 Springe<br \/>\n     <\/td><td class=\"column-2\"><strong><br \/>\nTelefon<\/strong><br \/>\n05041\/63262 (B\u00fcro)<br \/>\n0176\/65824418 (Britta Sandig)<br \/>\n     <\/td>\n<\/tr>\n<tr class=\"row-2\">\n\t<td class=\"column-1\"><strong><br \/>\nBetriebsst\u00e4tte<\/strong><br \/>\nPl\u00f6nhagen 7<br \/>\n31832 Springe<br \/>\n(nach Vereinbarung)<br \/>\n<\/td><td class=\"column-2\"><strong><br \/>\nE-Mail<\/strong><br \/>\ninfo@gartenideen-sandig.de<br \/>\n<\/td>\n<\/tr>\n<\/tbody>\n<\/table>\n<!-- #tablepress-1 from cache -->\n\n\n<figure class=\"wp-block-image size-large is-resized\"><img loading=\"lazy\" decoding=\"async\" width=\"1024\" height=\"276\" src=\"https:\/\/gartenideen-sandig.de\/wp-content\/uploads\/2023\/01\/DSC_1898schmal-1024x276.jpg\" alt=\"\" class=\"wp-image-437\" style=\"width:828px;height:auto\" srcset=\"https:\/\/gartenideen-sandig.de\/wp-content\/uploads\/2023\/01\/DSC_1898schmal-1024x276.jpg 1024w, https:\/\/gartenideen-sandig.de\/wp-content\/uploads\/2023\/01\/DSC_1898schmal-300x81.jpg 300w, https:\/\/gartenideen-sandig.de\/wp-content\/uploads\/2023\/01\/DSC_1898schmal-768x207.jpg 768w, https:\/\/gartenideen-sandig.de\/wp-content\/uploads\/2023\/01\/DSC_1898schmal-1536x414.jpg 1536w, https:\/\/gartenideen-sandig.de\/wp-content\/uploads\/2023\/01\/DSC_1898schmal-2048x553.jpg 2048w\" sizes=\"(max-width: 706px) 89vw, (max-width: 767px) 82vw, 740px\" \/><\/figure>\n","protected":false},"excerpt":{"rendered":"<p>Hallo, ich bin Britta Sandig. Sie interessieren sich f\u00fcr unsere Leistungen oder m\u00f6chten uns f\u00fcr Ihr Projekt anfragen?Kontaktieren Sie mich gerne telefonisch oder per Mail. Gerne vereinbare ich mit Ihnen vor Ort ein pers\u00f6nliches und unverbindliches Beratungsgespr\u00e4ch.<\/p>\n","protected":false},"author":1,"featured_media":0,"parent":0,"menu_order":0,"comment_status":"closed","ping_status":"closed","template":"","meta":{"footnotes":""},"yoast_head":"<!-- This site is optimized with the Yoast SEO plugin v22.3 - https:\/\/yoast.com\/wordpress\/plugins\/seo\/ -->\n<title>Kontakt - SANDIG<\/title>\n<meta name=\"description\" content=\"Sie m\u00f6chten Ihren Garten ansprechend ver\u00e4ndern oder suchen einen verl\u00e4sslichen Partner f\u00fcr die Gartenpflege? Was wir f\u00fcr Sie in Ihrem Garten leisten k\u00f6nnen, erl\u00e4utern wir Ihnen gerne vor Ort in einem pers\u00f6nlichen und unverbindlichen Beratungsgespr\u00e4ch.\" \/>\n<meta name=\"robots\" content=\"index, follow, max-snippet:-1, max-image-preview:large, max-video-preview:-1\" \/>\n<link rel=\"canonical\" href=\"https:\/\/gartenideen-sandig.de\/index.php\/kontakt\/\" \/>\n<meta property=\"og:locale\" content=\"de_DE\" \/>\n<meta property=\"og:type\" content=\"article\" \/>\n<meta property=\"og:title\" content=\"Kontakt - SANDIG\" \/>\n<meta property=\"og:description\" content=\"Sie m\u00f6chten Ihren Garten ansprechend ver\u00e4ndern oder suchen einen verl\u00e4sslichen Partner f\u00fcr die Gartenpflege? Was wir f\u00fcr Sie in Ihrem Garten leisten k\u00f6nnen, erl\u00e4utern wir Ihnen gerne vor Ort in einem pers\u00f6nlichen und unverbindlichen Beratungsgespr\u00e4ch.\" \/>\n<meta property=\"og:url\" content=\"https:\/\/gartenideen-sandig.de\/index.php\/kontakt\/\" \/>\n<meta property=\"og:site_name\" content=\"SANDIG\" \/>\n<meta property=\"article:modified_time\" content=\"2026-01-20T14:19:56+00:00\" \/>\n<meta property=\"og:image\" content=\"http:\/\/www.gartenideen-sandig.de\/\/wp-content\/uploads\/2019\/04\/britta2-244x300.jpg\" \/>\n<meta name=\"twitter:card\" content=\"summary_large_image\" \/>\n<meta name=\"twitter:label1\" content=\"Gesch\u00e4tzte Lesezeit\" \/>\n\t<meta name=\"twitter:data1\" content=\"1\u00a0Minute\" \/>\n<script type=\"application\/ld+json\" class=\"yoast-schema-graph\">{\"@context\":\"https:\/\/schema.org\",\"@graph\":[{\"@type\":\"WebPage\",\"@id\":\"https:\/\/gartenideen-sandig.de\/index.php\/kontakt\/\",\"url\":\"https:\/\/gartenideen-sandig.de\/index.php\/kontakt\/\",\"name\":\"Kontakt - SANDIG\",\"isPartOf\":{\"@id\":\"https:\/\/gartenideen-sandig.de\/#website\"},\"primaryImageOfPage\":{\"@id\":\"https:\/\/gartenideen-sandig.de\/index.php\/kontakt\/#primaryimage\"},\"image\":{\"@id\":\"https:\/\/gartenideen-sandig.de\/index.php\/kontakt\/#primaryimage\"},\"thumbnailUrl\":\"http:\/\/www.gartenideen-sandig.de\/\/wp-content\/uploads\/2019\/04\/britta2-244x300.jpg\",\"datePublished\":\"2018-05-28T16:47:19+00:00\",\"dateModified\":\"2026-01-20T14:19:56+00:00\",\"description\":\"Sie m\u00f6chten Ihren Garten ansprechend ver\u00e4ndern oder suchen einen verl\u00e4sslichen Partner f\u00fcr die Gartenpflege? Was wir f\u00fcr Sie in Ihrem Garten leisten k\u00f6nnen, erl\u00e4utern wir Ihnen gerne vor Ort in einem pers\u00f6nlichen und unverbindlichen Beratungsgespr\u00e4ch.\",\"breadcrumb\":{\"@id\":\"https:\/\/gartenideen-sandig.de\/index.php\/kontakt\/#breadcrumb\"},\"inLanguage\":\"de\",\"potentialAction\":[{\"@type\":\"ReadAction\",\"target\":[\"https:\/\/gartenideen-sandig.de\/index.php\/kontakt\/\"]}]},{\"@type\":\"ImageObject\",\"inLanguage\":\"de\",\"@id\":\"https:\/\/gartenideen-sandig.de\/index.php\/kontakt\/#primaryimage\",\"url\":\"http:\/\/www.gartenideen-sandig.de\/\/wp-content\/uploads\/2019\/04\/britta2-244x300.jpg\",\"contentUrl\":\"http:\/\/www.gartenideen-sandig.de\/\/wp-content\/uploads\/2019\/04\/britta2-244x300.jpg\"},{\"@type\":\"BreadcrumbList\",\"@id\":\"https:\/\/gartenideen-sandig.de\/index.php\/kontakt\/#breadcrumb\",\"itemListElement\":[{\"@type\":\"ListItem\",\"position\":1,\"name\":\"Startseite\",\"item\":\"https:\/\/gartenideen-sandig.de\/\"},{\"@type\":\"ListItem\",\"position\":2,\"name\":\"Kontakt\"}]},{\"@type\":\"WebSite\",\"@id\":\"https:\/\/gartenideen-sandig.de\/#website\",\"url\":\"https:\/\/gartenideen-sandig.de\/\",\"name\":\"SANDIG\",\"description\":\"Ideen f\u00fcr Ihren Garten\",\"publisher\":{\"@id\":\"https:\/\/gartenideen-sandig.de\/#organization\"},\"potentialAction\":[{\"@type\":\"SearchAction\",\"target\":{\"@type\":\"EntryPoint\",\"urlTemplate\":\"https:\/\/gartenideen-sandig.de\/?s={search_term_string}\"},\"query-input\":\"required name=search_term_string\"}],\"inLanguage\":\"de\"},{\"@type\":\"Organization\",\"@id\":\"https:\/\/gartenideen-sandig.de\/#organization\",\"name\":\"Ideen f\u00fcr Ihren Garten Sandig GmbH & Co. KG\",\"url\":\"https:\/\/gartenideen-sandig.de\/\",\"logo\":{\"@type\":\"ImageObject\",\"inLanguage\":\"de\",\"@id\":\"https:\/\/gartenideen-sandig.de\/#\/schema\/logo\/image\/\",\"url\":\"https:\/\/gartenideen-sandig.de\/wp-content\/uploads\/2019\/07\/logo_komp.png\",\"contentUrl\":\"https:\/\/gartenideen-sandig.de\/wp-content\/uploads\/2019\/07\/logo_komp.png\",\"width\":350,\"height\":350,\"caption\":\"Ideen f\u00fcr Ihren Garten Sandig GmbH & Co. KG\"},\"image\":{\"@id\":\"https:\/\/gartenideen-sandig.de\/#\/schema\/logo\/image\/\"}}]}<\/script>\n<!-- \/ Yoast SEO plugin. -->","yoast_head_json":{"title":"Kontakt - SANDIG","description":"Sie m\u00f6chten Ihren Garten ansprechend ver\u00e4ndern oder suchen einen verl\u00e4sslichen Partner f\u00fcr die Gartenpflege? Was wir f\u00fcr Sie in Ihrem Garten leisten k\u00f6nnen, erl\u00e4utern wir Ihnen gerne vor Ort in einem pers\u00f6nlichen und unverbindlichen Beratungsgespr\u00e4ch.","robots":{"index":"index","follow":"follow","max-snippet":"max-snippet:-1","max-image-preview":"max-image-preview:large","max-video-preview":"max-video-preview:-1"},"canonical":"https:\/\/gartenideen-sandig.de\/index.php\/kontakt\/","og_locale":"de_DE","og_type":"article","og_title":"Kontakt - SANDIG","og_description":"Sie m\u00f6chten Ihren Garten ansprechend ver\u00e4ndern oder suchen einen verl\u00e4sslichen Partner f\u00fcr die Gartenpflege? Was wir f\u00fcr Sie in Ihrem Garten leisten k\u00f6nnen, erl\u00e4utern wir Ihnen gerne vor Ort in einem pers\u00f6nlichen und unverbindlichen Beratungsgespr\u00e4ch.","og_url":"https:\/\/gartenideen-sandig.de\/index.php\/kontakt\/","og_site_name":"SANDIG","article_modified_time":"2026-01-20T14:19:56+00:00","og_image":[{"url":"http:\/\/www.gartenideen-sandig.de\/\/wp-content\/uploads\/2019\/04\/britta2-244x300.jpg"}],"twitter_card":"summary_large_image","twitter_misc":{"Gesch\u00e4tzte Lesezeit":"1\u00a0Minute"},"schema":{"@context":"https:\/\/schema.org","@graph":[{"@type":"WebPage","@id":"https:\/\/gartenideen-sandig.de\/index.php\/kontakt\/","url":"https:\/\/gartenideen-sandig.de\/index.php\/kontakt\/","name":"Kontakt - SANDIG","isPartOf":{"@id":"https:\/\/gartenideen-sandig.de\/#website"},"primaryImageOfPage":{"@id":"https:\/\/gartenideen-sandig.de\/index.php\/kontakt\/#primaryimage"},"image":{"@id":"https:\/\/gartenideen-sandig.de\/index.php\/kontakt\/#primaryimage"},"thumbnailUrl":"http:\/\/www.gartenideen-sandig.de\/\/wp-content\/uploads\/2019\/04\/britta2-244x300.jpg","datePublished":"2018-05-28T16:47:19+00:00","dateModified":"2026-01-20T14:19:56+00:00","description":"Sie m\u00f6chten Ihren Garten ansprechend ver\u00e4ndern oder suchen einen verl\u00e4sslichen Partner f\u00fcr die Gartenpflege? Was wir f\u00fcr Sie in Ihrem Garten leisten k\u00f6nnen, erl\u00e4utern wir Ihnen gerne vor Ort in einem pers\u00f6nlichen und unverbindlichen Beratungsgespr\u00e4ch.","breadcrumb":{"@id":"https:\/\/gartenideen-sandig.de\/index.php\/kontakt\/#breadcrumb"},"inLanguage":"de","potentialAction":[{"@type":"ReadAction","target":["https:\/\/gartenideen-sandig.de\/index.php\/kontakt\/"]}]},{"@type":"ImageObject","inLanguage":"de","@id":"https:\/\/gartenideen-sandig.de\/index.php\/kontakt\/#primaryimage","url":"http:\/\/www.gartenideen-sandig.de\/\/wp-content\/uploads\/2019\/04\/britta2-244x300.jpg","contentUrl":"http:\/\/www.gartenideen-sandig.de\/\/wp-content\/uploads\/2019\/04\/britta2-244x300.jpg"},{"@type":"BreadcrumbList","@id":"https:\/\/gartenideen-sandig.de\/index.php\/kontakt\/#breadcrumb","itemListElement":[{"@type":"ListItem","position":1,"name":"Startseite","item":"https:\/\/gartenideen-sandig.de\/"},{"@type":"ListItem","position":2,"name":"Kontakt"}]},{"@type":"WebSite","@id":"https:\/\/gartenideen-sandig.de\/#website","url":"https:\/\/gartenideen-sandig.de\/","name":"SANDIG","description":"Ideen f\u00fcr Ihren Garten","publisher":{"@id":"https:\/\/gartenideen-sandig.de\/#organization"},"potentialAction":[{"@type":"SearchAction","target":{"@type":"EntryPoint","urlTemplate":"https:\/\/gartenideen-sandig.de\/?s={search_term_string}"},"query-input":"required name=search_term_string"}],"inLanguage":"de"},{"@type":"Organization","@id":"https:\/\/gartenideen-sandig.de\/#organization","name":"Ideen f\u00fcr Ihren Garten Sandig GmbH & Co. KG","url":"https:\/\/gartenideen-sandig.de\/","logo":{"@type":"ImageObject","inLanguage":"de","@id":"https:\/\/gartenideen-sandig.de\/#\/schema\/logo\/image\/","url":"https:\/\/gartenideen-sandig.de\/wp-content\/uploads\/2019\/07\/logo_komp.png","contentUrl":"https:\/\/gartenideen-sandig.de\/wp-content\/uploads\/2019\/07\/logo_komp.png","width":350,"height":350,"caption":"Ideen f\u00fcr Ihren Garten Sandig GmbH & Co. KG"},"image":{"@id":"https:\/\/gartenideen-sandig.de\/#\/schema\/logo\/image\/"}}]}},"_links":{"self":[{"href":"https:\/\/gartenideen-sandig.de\/index.php\/wp-json\/wp\/v2\/pages\/28"}],"collection":[{"href":"https:\/\/gartenideen-sandig.de\/index.php\/wp-json\/wp\/v2\/pages"}],"about":[{"href":"https:\/\/gartenideen-sandig.de\/index.php\/wp-json\/wp\/v2\/types\/page"}],"author":[{"embeddable":true,"href":"https:\/\/gartenideen-sandig.de\/index.php\/wp-json\/wp\/v2\/users\/1"}],"replies":[{"embeddable":true,"href":"https:\/\/gartenideen-sandig.de\/index.php\/wp-json\/wp\/v2\/comments?post=28"}],"version-history":[{"count":34,"href":"https:\/\/gartenideen-sandig.de\/index.php\/wp-json\/wp\/v2\/pages\/28\/revisions"}],"predecessor-version":[{"id":543,"href":"https:\/\/gartenideen-sandig.de\/index.php\/wp-json\/wp\/v2\/pages\/28\/revisions\/543"}],"wp:attachment":[{"href":"https:\/\/gartenideen-sandig.de\/index.php\/wp-json\/wp\/v2\/media?parent=28"}],"curies":[{"name":"wp","href":"https:\/\/api.w.org\/{rel}","templated":true}]}}