{"id":27,"date":"2018-05-28T18:47:19","date_gmt":"2018-05-28T16:47:19","guid":{"rendered":"http:\/\/localhost\/2_SANDIG%20Website\/?page_id=27"},"modified":"2026-01-20T15:18:53","modified_gmt":"2026-01-20T14:18:53","slug":"ueber-uns","status":"publish","type":"page","link":"https:\/\/gartenideen-sandig.de\/index.php\/ueber-uns\/","title":{"rendered":"\u00dcber uns"},"content":{"rendered":"\n<figure class=\"wp-block-image size-large\"><img loading=\"lazy\" decoding=\"async\" width=\"1024\" height=\"680\" src=\"https:\/\/gartenideen-sandig.de\/wp-content\/uploads\/2026\/01\/DSC_5861-Kopie-1024x680.jpg\" alt=\"\" class=\"wp-image-458\" srcset=\"https:\/\/gartenideen-sandig.de\/wp-content\/uploads\/2026\/01\/DSC_5861-Kopie-1024x680.jpg 1024w, https:\/\/gartenideen-sandig.de\/wp-content\/uploads\/2026\/01\/DSC_5861-Kopie-300x199.jpg 300w, https:\/\/gartenideen-sandig.de\/wp-content\/uploads\/2026\/01\/DSC_5861-Kopie-768x510.jpg 768w, https:\/\/gartenideen-sandig.de\/wp-content\/uploads\/2026\/01\/DSC_5861-Kopie-1536x1020.jpg 1536w, https:\/\/gartenideen-sandig.de\/wp-content\/uploads\/2026\/01\/DSC_5861-Kopie-2048x1360.jpg 2048w\" sizes=\"(max-width: 706px) 89vw, (max-width: 767px) 82vw, 740px\" \/><\/figure>\n\n\n\n<p><strong>Ideen f\u00fcr Ihren Garten &#8211; die haben wir!<\/strong><\/p>\n\n\n\n<p>Vor mehr als 10 Jahren entstand die Idee, ein Gartenbauunternehmen zu gr\u00fcnden, bei welchem auch Kund:innen mitarbeiten k\u00f6nnen. Nach einem gelungenen Start freuen wir uns heute \u00fcber regelm\u00e4\u00dfige Kund:innen, interessante neue Projekte und unser wachsendes Team.<\/p>\n\n\n\n<p>Mit Know-how, Geschick und Engagement setzen wir uns daf\u00fcr ein, Ihnen Ihren Traum vom Garten zu erf\u00fcllen. Unsere Pflanzen und unser Material setzen wir m\u00f6glichst nachhaltig ein und beziehen es von regionalen Unternehmen.<\/p>\n\n\n\n<p>Wir sind stolz auf unsere Leistungen und freuen uns \u00fcber das gutes Feedback unserer Kund:innen sowie die vielen Weiterempfehlungen.<\/p>\n\n\n\n<p>Damit wir Ihre W\u00fcnsche professionell umsetzen k\u00f6nnen, bilden sich unsere Mitarbeitenden regelm\u00e4\u00dfig fort. Wir sind au\u00dferdem Mitglied im Verband des Garten-, Landschafts- und Sportplatzbaus Niedersachsen\/Bremen.<\/p>\n\n\n\n<p>Vereinbaren Sie einen unverbindlichen Beratungstermin mit uns. Wir freuen uns auf Sie.<\/p>\n\n\n\n<figure class=\"wp-block-image\"><img loading=\"lazy\" decoding=\"async\" width=\"5126\" height=\"2506\" src=\"http:\/\/www.gartenideen-sandig.de\/\/wp-content\/uploads\/2019\/04\/ueberuns.jpg\" alt=\"\" class=\"wp-image-239\" srcset=\"https:\/\/gartenideen-sandig.de\/wp-content\/uploads\/2019\/04\/ueberuns.jpg 5126w, https:\/\/gartenideen-sandig.de\/wp-content\/uploads\/2019\/04\/ueberuns-300x147.jpg 300w, https:\/\/gartenideen-sandig.de\/wp-content\/uploads\/2019\/04\/ueberuns-768x375.jpg 768w, https:\/\/gartenideen-sandig.de\/wp-content\/uploads\/2019\/04\/ueberuns-1024x501.jpg 1024w\" sizes=\"(max-width: 706px) 89vw, (max-width: 767px) 82vw, 740px\" \/><\/figure>\n","protected":false},"excerpt":{"rendered":"<p>Ideen f\u00fcr Ihren Garten &#8211; die haben wir! Vor mehr als 10 Jahren entstand die Idee, ein Gartenbauunternehmen zu gr\u00fcnden, bei welchem auch Kund:innen mitarbeiten k\u00f6nnen. Nach einem gelungenen Start freuen wir uns heute \u00fcber regelm\u00e4\u00dfige Kund:innen, interessante neue Projekte und unser wachsendes Team. Mit Know-how, Geschick und Engagement setzen wir uns daf\u00fcr ein, Ihnen &hellip; <\/p>\n<p class=\"link-more\"><a href=\"https:\/\/gartenideen-sandig.de\/index.php\/ueber-uns\/\" class=\"more-link\"><span class=\"screen-reader-text\">\u201e\u00dcber uns\u201c<\/span> weiterlesen<\/a><\/p>\n","protected":false},"author":1,"featured_media":0,"parent":0,"menu_order":0,"comment_status":"closed","ping_status":"closed","template":"","meta":{"footnotes":""},"yoast_head":"<!-- This site is optimized with the Yoast SEO plugin v22.3 - https:\/\/yoast.com\/wordpress\/plugins\/seo\/ -->\n<title>\u00dcber uns - SANDIG<\/title>\n<meta name=\"description\" content=\"Vor gut 10 Jahren entstand die Idee, ein Gartenbauunternehmen zu gr\u00fcnden, bei dem auch der Kunde mitarbeiten kann. Nach einem gelungenen Start freuen wir uns heute \u00fcber steigende Auftragszahlen und arbeiten aktuell zu viert im Team.\" \/>\n<meta name=\"robots\" content=\"index, follow, max-snippet:-1, max-image-preview:large, max-video-preview:-1\" \/>\n<link rel=\"canonical\" href=\"https:\/\/gartenideen-sandig.de\/index.php\/ueber-uns\/\" \/>\n<meta property=\"og:locale\" content=\"de_DE\" \/>\n<meta property=\"og:type\" content=\"article\" \/>\n<meta property=\"og:title\" content=\"\u00dcber uns - SANDIG\" \/>\n<meta property=\"og:description\" content=\"Vor gut 10 Jahren entstand die Idee, ein Gartenbauunternehmen zu gr\u00fcnden, bei dem auch der Kunde mitarbeiten kann. Nach einem gelungenen Start freuen wir uns heute \u00fcber steigende Auftragszahlen und arbeiten aktuell zu viert im Team.\" \/>\n<meta property=\"og:url\" content=\"https:\/\/gartenideen-sandig.de\/index.php\/ueber-uns\/\" \/>\n<meta property=\"og:site_name\" content=\"SANDIG\" \/>\n<meta property=\"article:modified_time\" content=\"2026-01-20T14:18:53+00:00\" \/>\n<meta property=\"og:image\" content=\"https:\/\/gartenideen-sandig.de\/wp-content\/uploads\/2026\/01\/DSC_5861-Kopie-1024x680.jpg\" \/>\n<meta name=\"twitter:card\" content=\"summary_large_image\" \/>\n<meta name=\"twitter:label1\" content=\"Gesch\u00e4tzte Lesezeit\" \/>\n\t<meta name=\"twitter:data1\" content=\"2\u00a0Minuten\" \/>\n<script type=\"application\/ld+json\" class=\"yoast-schema-graph\">{\"@context\":\"https:\/\/schema.org\",\"@graph\":[{\"@type\":\"WebPage\",\"@id\":\"https:\/\/gartenideen-sandig.de\/index.php\/ueber-uns\/\",\"url\":\"https:\/\/gartenideen-sandig.de\/index.php\/ueber-uns\/\",\"name\":\"\u00dcber uns - SANDIG\",\"isPartOf\":{\"@id\":\"https:\/\/gartenideen-sandig.de\/#website\"},\"primaryImageOfPage\":{\"@id\":\"https:\/\/gartenideen-sandig.de\/index.php\/ueber-uns\/#primaryimage\"},\"image\":{\"@id\":\"https:\/\/gartenideen-sandig.de\/index.php\/ueber-uns\/#primaryimage\"},\"thumbnailUrl\":\"https:\/\/gartenideen-sandig.de\/wp-content\/uploads\/2026\/01\/DSC_5861-Kopie-1024x680.jpg\",\"datePublished\":\"2018-05-28T16:47:19+00:00\",\"dateModified\":\"2026-01-20T14:18:53+00:00\",\"description\":\"Vor gut 10 Jahren entstand die Idee, ein Gartenbauunternehmen zu gr\u00fcnden, bei dem auch der Kunde mitarbeiten kann. Nach einem gelungenen Start freuen wir uns heute \u00fcber steigende Auftragszahlen und arbeiten aktuell zu viert im Team.\",\"breadcrumb\":{\"@id\":\"https:\/\/gartenideen-sandig.de\/index.php\/ueber-uns\/#breadcrumb\"},\"inLanguage\":\"de\",\"potentialAction\":[{\"@type\":\"ReadAction\",\"target\":[\"https:\/\/gartenideen-sandig.de\/index.php\/ueber-uns\/\"]}]},{\"@type\":\"ImageObject\",\"inLanguage\":\"de\",\"@id\":\"https:\/\/gartenideen-sandig.de\/index.php\/ueber-uns\/#primaryimage\",\"url\":\"https:\/\/gartenideen-sandig.de\/wp-content\/uploads\/2026\/01\/DSC_5861-Kopie-scaled.jpg\",\"contentUrl\":\"https:\/\/gartenideen-sandig.de\/wp-content\/uploads\/2026\/01\/DSC_5861-Kopie-scaled.jpg\",\"width\":2560,\"height\":1700},{\"@type\":\"BreadcrumbList\",\"@id\":\"https:\/\/gartenideen-sandig.de\/index.php\/ueber-uns\/#breadcrumb\",\"itemListElement\":[{\"@type\":\"ListItem\",\"position\":1,\"name\":\"Startseite\",\"item\":\"https:\/\/gartenideen-sandig.de\/\"},{\"@type\":\"ListItem\",\"position\":2,\"name\":\"\u00dcber uns\"}]},{\"@type\":\"WebSite\",\"@id\":\"https:\/\/gartenideen-sandig.de\/#website\",\"url\":\"https:\/\/gartenideen-sandig.de\/\",\"name\":\"SANDIG\",\"description\":\"Ideen f\u00fcr Ihren Garten\",\"publisher\":{\"@id\":\"https:\/\/gartenideen-sandig.de\/#organization\"},\"potentialAction\":[{\"@type\":\"SearchAction\",\"target\":{\"@type\":\"EntryPoint\",\"urlTemplate\":\"https:\/\/gartenideen-sandig.de\/?s={search_term_string}\"},\"query-input\":\"required name=search_term_string\"}],\"inLanguage\":\"de\"},{\"@type\":\"Organization\",\"@id\":\"https:\/\/gartenideen-sandig.de\/#organization\",\"name\":\"Ideen f\u00fcr Ihren Garten Sandig GmbH & Co. KG\",\"url\":\"https:\/\/gartenideen-sandig.de\/\",\"logo\":{\"@type\":\"ImageObject\",\"inLanguage\":\"de\",\"@id\":\"https:\/\/gartenideen-sandig.de\/#\/schema\/logo\/image\/\",\"url\":\"https:\/\/gartenideen-sandig.de\/wp-content\/uploads\/2019\/07\/logo_komp.png\",\"contentUrl\":\"https:\/\/gartenideen-sandig.de\/wp-content\/uploads\/2019\/07\/logo_komp.png\",\"width\":350,\"height\":350,\"caption\":\"Ideen f\u00fcr Ihren Garten Sandig GmbH & Co. KG\"},\"image\":{\"@id\":\"https:\/\/gartenideen-sandig.de\/#\/schema\/logo\/image\/\"}}]}<\/script>\n<!-- \/ Yoast SEO plugin. -->","yoast_head_json":{"title":"\u00dcber uns - SANDIG","description":"Vor gut 10 Jahren entstand die Idee, ein Gartenbauunternehmen zu gr\u00fcnden, bei dem auch der Kunde mitarbeiten kann. Nach einem gelungenen Start freuen wir uns heute \u00fcber steigende Auftragszahlen und arbeiten aktuell zu viert im Team.","robots":{"index":"index","follow":"follow","max-snippet":"max-snippet:-1","max-image-preview":"max-image-preview:large","max-video-preview":"max-video-preview:-1"},"canonical":"https:\/\/gartenideen-sandig.de\/index.php\/ueber-uns\/","og_locale":"de_DE","og_type":"article","og_title":"\u00dcber uns - SANDIG","og_description":"Vor gut 10 Jahren entstand die Idee, ein Gartenbauunternehmen zu gr\u00fcnden, bei dem auch der Kunde mitarbeiten kann. Nach einem gelungenen Start freuen wir uns heute \u00fcber steigende Auftragszahlen und arbeiten aktuell zu viert im Team.","og_url":"https:\/\/gartenideen-sandig.de\/index.php\/ueber-uns\/","og_site_name":"SANDIG","article_modified_time":"2026-01-20T14:18:53+00:00","og_image":[{"url":"https:\/\/gartenideen-sandig.de\/wp-content\/uploads\/2026\/01\/DSC_5861-Kopie-1024x680.jpg"}],"twitter_card":"summary_large_image","twitter_misc":{"Gesch\u00e4tzte Lesezeit":"2\u00a0Minuten"},"schema":{"@context":"https:\/\/schema.org","@graph":[{"@type":"WebPage","@id":"https:\/\/gartenideen-sandig.de\/index.php\/ueber-uns\/","url":"https:\/\/gartenideen-sandig.de\/index.php\/ueber-uns\/","name":"\u00dcber uns - SANDIG","isPartOf":{"@id":"https:\/\/gartenideen-sandig.de\/#website"},"primaryImageOfPage":{"@id":"https:\/\/gartenideen-sandig.de\/index.php\/ueber-uns\/#primaryimage"},"image":{"@id":"https:\/\/gartenideen-sandig.de\/index.php\/ueber-uns\/#primaryimage"},"thumbnailUrl":"https:\/\/gartenideen-sandig.de\/wp-content\/uploads\/2026\/01\/DSC_5861-Kopie-1024x680.jpg","datePublished":"2018-05-28T16:47:19+00:00","dateModified":"2026-01-20T14:18:53+00:00","description":"Vor gut 10 Jahren entstand die Idee, ein Gartenbauunternehmen zu gr\u00fcnden, bei dem auch der Kunde mitarbeiten kann. Nach einem gelungenen Start freuen wir uns heute \u00fcber steigende Auftragszahlen und arbeiten aktuell zu viert im Team.","breadcrumb":{"@id":"https:\/\/gartenideen-sandig.de\/index.php\/ueber-uns\/#breadcrumb"},"inLanguage":"de","potentialAction":[{"@type":"ReadAction","target":["https:\/\/gartenideen-sandig.de\/index.php\/ueber-uns\/"]}]},{"@type":"ImageObject","inLanguage":"de","@id":"https:\/\/gartenideen-sandig.de\/index.php\/ueber-uns\/#primaryimage","url":"https:\/\/gartenideen-sandig.de\/wp-content\/uploads\/2026\/01\/DSC_5861-Kopie-scaled.jpg","contentUrl":"https:\/\/gartenideen-sandig.de\/wp-content\/uploads\/2026\/01\/DSC_5861-Kopie-scaled.jpg","width":2560,"height":1700},{"@type":"BreadcrumbList","@id":"https:\/\/gartenideen-sandig.de\/index.php\/ueber-uns\/#breadcrumb","itemListElement":[{"@type":"ListItem","position":1,"name":"Startseite","item":"https:\/\/gartenideen-sandig.de\/"},{"@type":"ListItem","position":2,"name":"\u00dcber uns"}]},{"@type":"WebSite","@id":"https:\/\/gartenideen-sandig.de\/#website","url":"https:\/\/gartenideen-sandig.de\/","name":"SANDIG","description":"Ideen f\u00fcr Ihren Garten","publisher":{"@id":"https:\/\/gartenideen-sandig.de\/#organization"},"potentialAction":[{"@type":"SearchAction","target":{"@type":"EntryPoint","urlTemplate":"https:\/\/gartenideen-sandig.de\/?s={search_term_string}"},"query-input":"required name=search_term_string"}],"inLanguage":"de"},{"@type":"Organization","@id":"https:\/\/gartenideen-sandig.de\/#organization","name":"Ideen f\u00fcr Ihren Garten Sandig GmbH & Co. KG","url":"https:\/\/gartenideen-sandig.de\/","logo":{"@type":"ImageObject","inLanguage":"de","@id":"https:\/\/gartenideen-sandig.de\/#\/schema\/logo\/image\/","url":"https:\/\/gartenideen-sandig.de\/wp-content\/uploads\/2019\/07\/logo_komp.png","contentUrl":"https:\/\/gartenideen-sandig.de\/wp-content\/uploads\/2019\/07\/logo_komp.png","width":350,"height":350,"caption":"Ideen f\u00fcr Ihren Garten Sandig GmbH & Co. KG"},"image":{"@id":"https:\/\/gartenideen-sandig.de\/#\/schema\/logo\/image\/"}}]}},"_links":{"self":[{"href":"https:\/\/gartenideen-sandig.de\/index.php\/wp-json\/wp\/v2\/pages\/27"}],"collection":[{"href":"https:\/\/gartenideen-sandig.de\/index.php\/wp-json\/wp\/v2\/pages"}],"about":[{"href":"https:\/\/gartenideen-sandig.de\/index.php\/wp-json\/wp\/v2\/types\/page"}],"author":[{"embeddable":true,"href":"https:\/\/gartenideen-sandig.de\/index.php\/wp-json\/wp\/v2\/users\/1"}],"replies":[{"embeddable":true,"href":"https:\/\/gartenideen-sandig.de\/index.php\/wp-json\/wp\/v2\/comments?post=27"}],"version-history":[{"count":34,"href":"https:\/\/gartenideen-sandig.de\/index.php\/wp-json\/wp\/v2\/pages\/27\/revisions"}],"predecessor-version":[{"id":542,"href":"https:\/\/gartenideen-sandig.de\/index.php\/wp-json\/wp\/v2\/pages\/27\/revisions\/542"}],"wp:attachment":[{"href":"https:\/\/gartenideen-sandig.de\/index.php\/wp-json\/wp\/v2\/media?parent=27"}],"curies":[{"name":"wp","href":"https:\/\/api.w.org\/{rel}","templated":true}]}}